{"id":1735,"date":"2023-11-24T14:01:56","date_gmt":"2023-11-24T20:01:56","guid":{"rendered":"https:\/\/shop.dnc.company\/?post_type=product&#038;p=1735"},"modified":"2023-11-26T21:21:41","modified_gmt":"2023-11-27T03:21:41","slug":"respaldos-automaticos","status":"publish","type":"product","link":"https:\/\/dnc.company\/shop\/producto\/respaldos-automaticos\/","title":{"rendered":"Respaldos Autom\u00e1ticos 24\/7"},"content":{"rendered":"<p>Protegemos tu sitio web e informaci\u00f3n con respaldos diarios autom\u00e1ticos.<\/p>\n<p><strong>*Requiere de una suscripci\u00f3n a \u00ab<a href=\"https:\/\/dnc.company\/creador-de-paginas-web\/\">Constructor de Sitios Web<\/a>\u00ab<\/strong><\/p>\n","protected":false},"excerpt":{"rendered":"<p>Protegemos tu sitio web e informaci\u00f3n con respaldos diarios autom\u00e1ticos. *Requiere de una suscripci\u00f3n a \u00abConstructor de Sitios Web\u00ab<\/p>\n","protected":false},"featured_media":1845,"template":"","meta":[],"product_brand":[],"product_cat":[56],"product_tag":[],"class_list":{"0":"post-1735","1":"product","2":"type-product","3":"status-publish","4":"has-post-thumbnail","6":"product_cat-plug-in","8":"first","9":"instock","10":"virtual","11":"sold-individually","12":"taxable","13":"purchasable","14":"product-type-subscription"},"_links":{"self":[{"href":"https:\/\/dnc.company\/shop\/wp-json\/wp\/v2\/product\/1735","targetHints":{"allow":["GET"]}}],"collection":[{"href":"https:\/\/dnc.company\/shop\/wp-json\/wp\/v2\/product"}],"about":[{"href":"https:\/\/dnc.company\/shop\/wp-json\/wp\/v2\/types\/product"}],"wp:featuredmedia":[{"embeddable":true,"href":"https:\/\/dnc.company\/shop\/wp-json\/wp\/v2\/media\/1845"}],"wp:attachment":[{"href":"https:\/\/dnc.company\/shop\/wp-json\/wp\/v2\/media?parent=1735"}],"wp:term":[{"taxonomy":"product_brand","embeddable":true,"href":"https:\/\/dnc.company\/shop\/wp-json\/wp\/v2\/product_brand?post=1735"},{"taxonomy":"product_cat","embeddable":true,"href":"https:\/\/dnc.company\/shop\/wp-json\/wp\/v2\/product_cat?post=1735"},{"taxonomy":"product_tag","embeddable":true,"href":"https:\/\/dnc.company\/shop\/wp-json\/wp\/v2\/product_tag?post=1735"}],"curies":[{"name":"wp","href":"https:\/\/api.w.org\/{rel}","templated":true}]}}