{"id":1763,"date":"2023-11-24T17:32:27","date_gmt":"2023-11-24T23:32:27","guid":{"rendered":"https:\/\/shop.dnc.company\/?post_type=product&#038;p=1763"},"modified":"2023-11-26T21:23:13","modified_gmt":"2023-11-27T03:23:13","slug":"whatsapp-chat","status":"publish","type":"product","link":"https:\/\/dnc.company\/shop\/producto\/whatsapp-chat\/","title":{"rendered":"WhatsApp Chat"},"content":{"rendered":"<p>Integra un bot\u00f3n en tu sitio y permite que las personas se comuniquen contigo a trav\u00e9s de WhatsApp<\/p>\n<p><strong>*Requiere de una suscripci\u00f3n a \u00ab<a href=\"https:\/\/dnc.company\/creador-de-paginas-web\/\">Constructor de Sitios Web<\/a>\u00ab<\/strong><\/p>\n","protected":false},"excerpt":{"rendered":"<p>Integra un bot\u00f3n en tu sitio y permite que las personas se comuniquen contigo a trav\u00e9s de WhatsApp *Requiere de una suscripci\u00f3n a \u00abConstructor de Sitios Web\u00ab<\/p>\n","protected":false},"featured_media":1769,"template":"","meta":[],"product_brand":[],"product_cat":[56],"product_tag":[],"class_list":{"0":"post-1763","1":"product","2":"type-product","3":"status-publish","4":"has-post-thumbnail","6":"product_cat-plug-in","8":"first","9":"instock","10":"virtual","11":"sold-individually","12":"taxable","13":"purchasable","14":"product-type-subscription"},"_links":{"self":[{"href":"https:\/\/dnc.company\/shop\/wp-json\/wp\/v2\/product\/1763","targetHints":{"allow":["GET"]}}],"collection":[{"href":"https:\/\/dnc.company\/shop\/wp-json\/wp\/v2\/product"}],"about":[{"href":"https:\/\/dnc.company\/shop\/wp-json\/wp\/v2\/types\/product"}],"wp:featuredmedia":[{"embeddable":true,"href":"https:\/\/dnc.company\/shop\/wp-json\/wp\/v2\/media\/1769"}],"wp:attachment":[{"href":"https:\/\/dnc.company\/shop\/wp-json\/wp\/v2\/media?parent=1763"}],"wp:term":[{"taxonomy":"product_brand","embeddable":true,"href":"https:\/\/dnc.company\/shop\/wp-json\/wp\/v2\/product_brand?post=1763"},{"taxonomy":"product_cat","embeddable":true,"href":"https:\/\/dnc.company\/shop\/wp-json\/wp\/v2\/product_cat?post=1763"},{"taxonomy":"product_tag","embeddable":true,"href":"https:\/\/dnc.company\/shop\/wp-json\/wp\/v2\/product_tag?post=1763"}],"curies":[{"name":"wp","href":"https:\/\/api.w.org\/{rel}","templated":true}]}}