{"id":2006,"date":"2023-12-17T13:05:02","date_gmt":"2023-12-17T19:05:02","guid":{"rendered":"https:\/\/shop.dnc.company\/?post_type=product&#038;p=2006"},"modified":"2025-02-08T15:11:00","modified_gmt":"2025-02-08T21:11:00","slug":"plataforma-de-marketing-digital-devmark-premium-plan-anual","status":"publish","type":"product","link":"https:\/\/dnc.company\/shop\/producto\/plataforma-de-marketing-digital-devmark-premium-plan-anual\/","title":{"rendered":"Plataforma de Marketing Digital DevMark Premium- Plan anual"},"content":{"rendered":"<p>Plataforma de marketing impulsada por AI todo en uno que ofrece una amplia gama de herramientas y soluciones para ayudar a las empresas a ejecutar y optimizar sus estrategias de marketing digital. Algunas formas en las que te puede ayudar son:<\/p>\n<div class=\"ha-content\">\n<ul>\n<li class=\"ha-text\">Campa\u00f1as de Email<\/li>\n<li class=\"ha-text\">Automatizaciones de Email<\/li>\n<li class=\"ha-text\">Captaci\u00f3n de Clientes<\/li>\n<li class=\"ha-text\">Segmentaci\u00f3n de audiencia<\/li>\n<li class=\"ha-text\">Gesti\u00f3n de redes sociales<\/li>\n<li class=\"ha-text\">Seguimiento y an\u00e1lisis<\/li>\n<li class=\"ha-text\">Integraciones<\/li>\n<li>5,000 env\u00edos\/mes<\/li>\n<\/ul>\n<p>Con Garant\u00eda de devoluci\u00f3n de dinero por 60 d\u00edas. \u00a1Pru\u00e9balo durante 2 meses para asegurarte de que sea adecuado para ti!<\/p>\n<p>Cancela en todo momento.<\/p>\n<\/div>\n<p>Para m\u00e1s informaci\u00f3n visita la p\u00e1gina del producto:<a href=\"https:\/\/www.dnc.company\/marketing-digital\"> https:\/\/www.dnc.company\/marketing-digital<\/a><\/p>\n","protected":false},"excerpt":{"rendered":"<p>Plataforma de marketing impulsada por AI todo en uno que ofrece una amplia gama de herramientas y soluciones para ayudar a las empresas a ejecutar y optimizar sus estrategias de marketing digital. Algunas formas en las que te puede ayudar son: Campa\u00f1as de Email Automatizaciones de Email Captaci\u00f3n de Clientes Segmentaci\u00f3n de audiencia Gesti\u00f3n de [&hellip;]<\/p>\n","protected":false},"featured_media":2000,"template":"","meta":[],"product_brand":[],"product_cat":[57],"product_tag":[],"class_list":{"0":"post-2006","1":"product","2":"type-product","3":"status-publish","4":"has-post-thumbnail","6":"product_cat-marketing-digital","8":"first","9":"instock","10":"sale","11":"taxable","12":"shipping-taxable","13":"purchasable","14":"product-type-subscription"},"_links":{"self":[{"href":"https:\/\/dnc.company\/shop\/wp-json\/wp\/v2\/product\/2006","targetHints":{"allow":["GET"]}}],"collection":[{"href":"https:\/\/dnc.company\/shop\/wp-json\/wp\/v2\/product"}],"about":[{"href":"https:\/\/dnc.company\/shop\/wp-json\/wp\/v2\/types\/product"}],"wp:featuredmedia":[{"embeddable":true,"href":"https:\/\/dnc.company\/shop\/wp-json\/wp\/v2\/media\/2000"}],"wp:attachment":[{"href":"https:\/\/dnc.company\/shop\/wp-json\/wp\/v2\/media?parent=2006"}],"wp:term":[{"taxonomy":"product_brand","embeddable":true,"href":"https:\/\/dnc.company\/shop\/wp-json\/wp\/v2\/product_brand?post=2006"},{"taxonomy":"product_cat","embeddable":true,"href":"https:\/\/dnc.company\/shop\/wp-json\/wp\/v2\/product_cat?post=2006"},{"taxonomy":"product_tag","embeddable":true,"href":"https:\/\/dnc.company\/shop\/wp-json\/wp\/v2\/product_tag?post=2006"}],"curies":[{"name":"wp","href":"https:\/\/api.w.org\/{rel}","templated":true}]}}