{"id":2264,"date":"2024-02-23T10:03:16","date_gmt":"2024-02-23T16:03:16","guid":{"rendered":"https:\/\/shop.dnc.company\/?post_type=product&#038;p=2264"},"modified":"2024-02-23T10:06:46","modified_gmt":"2024-02-23T16:06:46","slug":"servicios-de-consultoria-soporte","status":"publish","type":"product","link":"https:\/\/dnc.company\/shop\/producto\/servicios-de-consultoria-soporte\/","title":{"rendered":"Servicios de Consultor\u00eda &#038; Soporte"},"content":{"rendered":"<p>Servicios de Consultor\u00eda, Soporte e implementaci\u00f3n<\/p>\n","protected":false},"excerpt":{"rendered":"<p>Servicios de Consultor\u00eda, Soporte e implementaci\u00f3n<\/p>\n","protected":false},"featured_media":0,"template":"","meta":[],"product_brand":[],"product_cat":[68],"product_tag":[],"class_list":{"0":"post-2264","1":"product","2":"type-product","3":"status-publish","5":"product_cat-consultoria-soporte","7":"first","8":"instock","9":"taxable","10":"shipping-taxable","11":"purchasable","12":"product-type-simple"},"_links":{"self":[{"href":"https:\/\/dnc.company\/shop\/wp-json\/wp\/v2\/product\/2264","targetHints":{"allow":["GET"]}}],"collection":[{"href":"https:\/\/dnc.company\/shop\/wp-json\/wp\/v2\/product"}],"about":[{"href":"https:\/\/dnc.company\/shop\/wp-json\/wp\/v2\/types\/product"}],"wp:attachment":[{"href":"https:\/\/dnc.company\/shop\/wp-json\/wp\/v2\/media?parent=2264"}],"wp:term":[{"taxonomy":"product_brand","embeddable":true,"href":"https:\/\/dnc.company\/shop\/wp-json\/wp\/v2\/product_brand?post=2264"},{"taxonomy":"product_cat","embeddable":true,"href":"https:\/\/dnc.company\/shop\/wp-json\/wp\/v2\/product_cat?post=2264"},{"taxonomy":"product_tag","embeddable":true,"href":"https:\/\/dnc.company\/shop\/wp-json\/wp\/v2\/product_tag?post=2264"}],"curies":[{"name":"wp","href":"https:\/\/api.w.org\/{rel}","templated":true}]}}